{"id":40,"date":"2020-12-08T09:30:17","date_gmt":"2020-12-08T09:30:17","guid":{"rendered":"https:\/\/demo.cmssuperheroes.com\/themeforest\/solatec\/?page_id=40"},"modified":"2025-03-20T17:06:56","modified_gmt":"2025-03-20T15:06:56","slug":"cariera","status":"publish","type":"page","link":"https:\/\/greenpointsolutions.ro\/ro\/cariera\/","title":{"rendered":"Carier\u0103"},"content":{"rendered":"<div data-elementor-type=\"wp-page\" data-elementor-id=\"40\" class=\"elementor elementor-40\">\n\t\t\t\t\t\t\t        <section class=\"elementor-section elementor-top-section elementor-element elementor-element-891160c cms-justify-content-center pb-90 elementor-section-boxed elementor-section-height-default elementor-section-height-default cms-boxed-bg-false\" data-id=\"891160c\" data-element_type=\"section\">\n\t\t\n\t\t<div class=\"cms-section-boxed-bg\"><\/div>        <div class=\"elementor-container elementor-column-gap-default\" >\n\t\t        <div class=\"elementor-column elementor-col-58 elementor-top-column elementor-element elementor-element-55217ce\" data-id=\"55217ce\" data-element_type=\"column\">\n        <div class=\"elementor-widget-wrap elementor-element-populated\">\n                        \t\t<div class=\"elementor-element elementor-element-efe4ae6 cms-heading-layout-5 elementor-widget elementor-widget-cms_heading\" data-id=\"efe4ae6\" data-element_type=\"widget\" data-widget_type=\"cms_heading.default\">\n\t\t\t\t<div class=\"elementor-widget-container\">\n\t\t\t\r\n<div class=\"cms-heading-wrapper text-center\">\r\n                <div class=\"cms-heading cms-subheading text-34 lh-48 pt-10\">Al\u0103tur\u0103-te echipei noastre!<\/div>\r\n        <div class=\"cms-heading-btns row gutters-30 gutters-grid empty-none pt-40 align-items-center justify-content-center\">    <\/div>\r\n<\/div>\t\t<\/div>\n\t\t\t\t<\/div>\n\t\t        <\/div>\n        <\/div>\n                <div class=\"elementor-column elementor-col-100 elementor-top-column elementor-element elementor-element-9dc9044\" data-id=\"9dc9044\" data-element_type=\"column\">\n        <div class=\"elementor-widget-wrap elementor-element-populated\">\n                        \t\t<div class=\"elementor-element elementor-element-ae008b9 elementor-widget elementor-widget-spacer\" data-id=\"ae008b9\" data-element_type=\"widget\" data-widget_type=\"spacer.default\">\n\t\t\t\t<div class=\"elementor-widget-container\">\n\t\t\t<style>\/*! elementor - v3.15.0 - 20-08-2023 *\/\n.elementor-column .elementor-spacer-inner{height:var(--spacer-size)}.e-con{--container-widget-width:100%}.e-con-inner>.elementor-widget-spacer,.e-con>.elementor-widget-spacer{width:var(--container-widget-width,var(--spacer-size));--align-self:var(--container-widget-align-self,initial);--flex-shrink:0}.e-con-inner>.elementor-widget-spacer>.elementor-widget-container,.e-con-inner>.elementor-widget-spacer>.elementor-widget-container>.elementor-spacer,.e-con>.elementor-widget-spacer>.elementor-widget-container,.e-con>.elementor-widget-spacer>.elementor-widget-container>.elementor-spacer{height:100%}.e-con-inner>.elementor-widget-spacer>.elementor-widget-container>.elementor-spacer>.elementor-spacer-inner,.e-con>.elementor-widget-spacer>.elementor-widget-container>.elementor-spacer>.elementor-spacer-inner{height:var(--container-widget-height,var(--spacer-size))}<\/style>\t\t<div class=\"elementor-spacer\">\n\t\t\t<div class=\"elementor-spacer-inner\"><\/div>\n\t\t<\/div>\n\t\t\t\t<\/div>\n\t\t\t\t<\/div>\n\t\t        <\/div>\n        <\/div>\n        \t\t        <\/div>\n        <\/section>\n\t\t        <section class=\"elementor-section elementor-top-section elementor-element elementor-element-365117da p-0 mt-45 mr-xl-n115 elementor-section-full_width elementor-section-height-default elementor-section-height-default cms-full-content-with-space-none cms-boxed-bg-false\" data-id=\"365117da\" data-element_type=\"section\">\n\t\t\n\t\t<div class=\"cms-section-boxed-bg\"><\/div>        <div class=\"elementor-container elementor-column-gap-no\" >\n\t\t        <div class=\"elementor-column elementor-col-100 elementor-top-column elementor-element elementor-element-63cc373b\" data-id=\"63cc373b\" data-element_type=\"column\">\n        <div class=\"elementor-widget-wrap elementor-element-populated\">\n                        \t\t<div class=\"elementor-element elementor-element-78cbaf1 cms-icon-box-layout-5 elementor-widget elementor-widget-cms_icon_box\" data-id=\"78cbaf1\" data-element_type=\"widget\" data-widget_type=\"cms_icon_box.default\">\n\t\t\t\t<div class=\"elementor-widget-container\">\n\t\t\t<div class=\"cms-icon-boxes bg-white hover-active-readmore\">\r\n    <div class=\"p-40\">\r\n        <div class=\"row\">\r\n            <div class=\"col-12 mb-10\">        <div class=\"cms-icon-wrap cms-main-icon\" ><i aria-hidden=\"true\" class=\"cms-icon mb-10 text-78 text-accent cmsi cmsi-solar-panel\" style=\"\"><\/i><\/div>\r\n        <\/div>\r\n            <div class=\"col\">\r\n                <div class=\"cms-heading text-21 lh-29\"><p>Inginer Electrician sisteme fotovoltaice<\/p>\n<\/div> \r\n                <div class=\"pt-15\"><p>Candidatul Ideal<\/p>\n<p>C\u0103ut\u0103m un coleg harnic\ud83c\udfcb\u200d\u2642, responsabil\ud83d\udc64, pasionat de domeniul electric, care s\u0103 se al\u0103ture echipei noastre \u00een calitate de \u201dInginer sisteme fotovoltaice\u201d.\u200b\u200b\u200b\u200b<\/p>\n<p>Nivel d\u0435 studii: Inginer electrician<br \/>\nCertific\u0103ri: permis auto cat. B. Reprezinta un avantaj - acreditare ANRE (minim grad de acreditare tip B).<\/p>\n<p>Descrierea jobului<br \/>\nCuno\u0219tin\u021be:<br \/>\n\u27a2 operare PC: deprinderi utilizare MS Office, AutoCAD \/ EPLAN \/ sau similat;<br \/>\n\u27a2 limba englez\u0103: nivel avansat;<br \/>\n\u27a2 experien\u0163\u0103 \u00een domeniu: minim 3 ani experien\u021b\u0103 ca electrician; constituie avantaj experien\u021ba \u00een domeniul sistemelor de panouri fotovoltaice.<\/p>\n<p>La ce ne a\u0219tept\u0103m noi de la tine?<br \/>\n\u27a2 aptitudini tehnice;<br \/>\n\u27a2 abilit\u0103\u021bi d\u0435 comunicare \u0219i negociere;<br \/>\n\u27a2 capacitatea d\u0435 a identifica problema real\u0103 \u0219i d\u0435 a g\u0103si solu\u021bii pentru rezolvarea acesteia;<br \/>\n\u27a2 spirit d\u0435 echip\u0103;<br \/>\n\u27a2 perseveren\u021b\u0103;<br \/>\n\u27a2 integritate;<br \/>\n\u27a2 sociabilitate;<br \/>\n\u27a2 tact \u0219i diploma\u021bie;<br \/>\n\u27a2 spirit d\u0435 ini\u021biativ\u0103.<\/p>\n<p>Descrierea jobului:<br \/>\n\u27a2 dimensionarea instala\u021biilor electrice aferente proiecutlui \u0219i elaborarea solu\u021biei de proiectare;<br \/>\n\u27a2 executarea lucr\u0103rilor specifice activit\u0103\u021bii de instalare sisteme fotovoltaice: coordonare instalare structur\u0103 de montaj, panouri fotovoltaice, retele de curent continuu, sisteme stocare;<br \/>\n\u27a2 executarea conexiunilor electrice \u00eentre componentele sistemelor fotovoltaice;<br \/>\n\u27a2 asigurarea mentenan\u021bei sistemelor fotovoltaice;<br \/>\n\u27a2 montarea \u015fi utilizarea aparatelor electrice de joas\u0103 tensiune \u00een curent continuu \u0219i alternativ (ex: montare sigurante, relee, contactoare, automatizari etc);<br \/>\n\u27a2 realizarea circuitelor electrice din instala\u0163iile electrice de joas\u0103 tensiune;<br \/>\n\u27a2 verificari\/lucrari mecanice la structura de sustinere a panourilor fotovoltaice;<br \/>\n\u27a2 efectuarea manevrelor \u00een instala\u021biile de LV\/JT si MV\/MT aferente centralelor fotovoltaice;<br \/>\n\u27a2 implementarea proiectului, conform planului;<br \/>\n\u27a2 respectarea standardelor, procedurilor \u0219i instruc\u021biunilor de lucru.<\/p>\n<p>Descrierea companiei<br \/>\nCa divizie a companiei Salis Terra infiin\u021bat\u0103 \u00een anul 2002, GreenPointSolutions se ocup\u0103 de instalarea \u0219i comercializarea sistemelor fotovoltaice on grid si off grid\u00a0\u00een\u00a0Rom\u00e2nia.<\/p>\n<\/div>\r\n                            <div class=\"cms-link\">\r\n                <a href=\"https:\/\/www.ejobs.ro\/user\/locuri-de-munca\/inginer-electrician-sisteme-fotovoltaice\/1853659 \" target=\"_blank\" class=\"cms-readmore style-2 mt-20 d-inline-block text- text-hover-\">\r\n                    <span class=\"cms-btn-content\">        <span class=\"cms-icon-wrap cms-btn-icon order-first\" ><i aria-hidden=\"true\" class=\"cms-icon cms-link-icon cms-align-icon-left rtl-flip cmsi cmsi-arrow-circle-right\" style=\"\"><\/i><\/span>\r\n        <span class=\"cms-btn-text\">Detalii<\/span><\/span>\r\n                <\/a>\r\n            <\/div>\r\n                    <\/div>\r\n        <\/div>\r\n    <\/div>\r\n<\/div>\r\n\r\n\r\n\t\t<\/div>\n\t\t\t\t<\/div>\n\t\t\t\t<div class=\"elementor-element elementor-element-7327ac6 cms-icon-box-layout-5 elementor-widget elementor-widget-cms_icon_box\" data-id=\"7327ac6\" data-element_type=\"widget\" data-widget_type=\"cms_icon_box.default\">\n\t\t\t\t<div class=\"elementor-widget-container\">\n\t\t\t<div class=\"cms-icon-boxes bg-white hover-active-readmore\">\r\n    <div class=\"p-40\">\r\n        <div class=\"row\">\r\n            <div class=\"col-12 mb-10\">        <div class=\"cms-icon-wrap cms-main-icon\" ><i aria-hidden=\"true\" class=\"cms-icon mb-10 text-78 text-accent fas fa-solar-panel\" style=\"\"><\/i><\/div>\r\n        <\/div>\r\n            <div class=\"col\">\r\n                <div class=\"cms-heading text-21 lh-29\"><p>Instalator \/ Montator Panouri Fotovoltaice<\/p>\n<\/div> \r\n                <div class=\"pt-15\"><p>Candidatul Ideal<\/p>\n<p>C\u0103ut\u0103m un coleg harnic\ud83c\udfcb\u200d\u2642, responsabil\ud83d\udc64, s\u0103 \u00eei plac\u0103 s\u0103 se ca\u021bere pe acoperi\u0219uri de case\ud83e\uddd7\u200d\u2642, cu sim\u021b tehnic\ud83d\udee0, care s\u0103 se al\u0103ture echipei noastre \u00een calitate de \u201dInstalator \/ Montator de panouri fotovoltaice\u201d \u2013 cu sau f\u0103r\u0103 experien\u021b\u0103.\u200b\u200b\u200b\u200b<\/p>\n<p>Nivel d\u0435 studii: medii \/ bacalaureat (de preferat liceu tehnic - domeniul electric);<br \/>\nCertific\u0103ri: categoria B.<\/p>\n<p>Descrierea jobului<br \/>\nCuno\u0219tin\u021be:<br \/>\n\u27a2 operare PC: deprinderi utilizare MS Office, constituie avantaj;<br \/>\n\u27a2 limba englez\u0103: nivel mediu\/avansat;<br \/>\n\u27a2 experien\u0163\u0103 \u00een domeniu: minim 1 an experien\u021b\u0103 \u00een munc\u0103; constituie avantaj experien\u021ba \u00een domeniul sistemelor de panouri fotovoltaice.<\/p>\n<p>La ce ne a\u0219tept\u0103m noi de la tine?<br \/>\n\u27a2 aptitudini tehnice;<br \/>\n\u27a2 abilit\u0103\u021bi d\u0435 comunicare \u0219i negociere;<br \/>\n\u27a2 capacitatea d\u0435 a identifica problema real\u0103 \u0219i d\u0435 a g\u0103si solu\u021bii pentru rezolvarea acesteia;<br \/>\n\u27a2 spirit d\u0435 echip\u0103;<br \/>\n\u27a2 perseveren\u021b\u0103;<br \/>\n\u27a2 integritate;<br \/>\n\u27a2 sociabilitate;<br \/>\n\u27a2 tact \u0219i diploma\u021bie;<br \/>\n\u27a2 spirit d\u0435 ini\u021biativ\u0103.<\/p>\n<p>Descrierea jobului:<br \/>\n\u27a2 executarea lucr\u0103rilor specifice activit\u0103\u021bii de instalare sisteme fotovoltaice: instalare structur\u0103 de montaj, panouri fotovoltaice, retele de curent continuu;<br \/>\n\u27a2 executarea conexiunilor dintre panouri si invertor;<br \/>\n\u27a2 transportul materialelor si al echipamentelor la beneficiari la locul de realizare a montajului;<br \/>\n\u27a2 preg\u0103tirea materialelor pentru montaj;<br \/>\n\u27a2 ansamblarea profilelor de sustinere a panourilor, fixarea cadrului la locul in care se doreste montarea conform proiectului;<br \/>\n\u27a2 izolarea g\u0103urilor care au fost realizate pe acoperi\u0219;<br \/>\n\u27a2 realizarea sistemului de izola\u0163ie;<br \/>\n\u27a2 implementarea proiectului, conform planului;<br \/>\n\u27a2 respectarea standardelor, procedurilor \u0219i instruc\u021biunilor de lucru.<\/p>\n<p>Descrierea companiei<br \/>\nCa divizie a companiei Salis Terra infiin\u021bat\u0103 \u00een anul 2002, GreenPointSolutions se ocup\u0103 de instalarea \u0219i comercializarea sistemelor fotovoltaice on grid si off grid\u00a0\u00een\u00a0Rom\u00e2nia.<\/p>\n<\/div>\r\n                            <div class=\"cms-link\">\r\n                <a href=\"#\" target=\"_blank\" class=\"cms-readmore style-2 mt-20 d-inline-block text- text-hover-\">\r\n                    <span class=\"cms-btn-content\">        <span class=\"cms-icon-wrap cms-btn-icon order-first\" ><i aria-hidden=\"true\" class=\"cms-icon cms-link-icon cms-align-icon-left rtl-flip cmsi cmsi-arrow-circle-right\" style=\"\"><\/i><\/span>\r\n        <span class=\"cms-btn-text\">Detalii<\/span><\/span>\r\n                <\/a>\r\n            <\/div>\r\n                    <\/div>\r\n        <\/div>\r\n    <\/div>\r\n<\/div>\r\n\r\n\r\n\t\t<\/div>\n\t\t\t\t<\/div>\n\t\t        <\/div>\n        <\/div>\n        \t\t        <\/div>\n        <\/section>\n\t\t\t\t\t\t\t<\/div>","protected":false},"excerpt":{"rendered":"<p>JOIN OUR TEAM! Electrical Engineer \u2013 Photovoltaic Systems Ideal Candidate We are looking for a hardworking\ud83c\udfcb\u200d\u2642, responsible\ud83d\udc64, and passionate electrical professional to join our team as a Photovoltaic Systems Engineer. Education Level: Electrical Engineer Certifications: Category B driving license required. ANRE accreditation (minimum Type B) is an advantage. Job Description Knowledge &#038; Skills: \u27a2 PC [&hellip;]<\/p>","protected":false},"author":1,"featured_media":0,"parent":0,"menu_order":11,"comment_status":"closed","ping_status":"closed","template":"","meta":{"footnotes":""},"class_list":["post-40","page","type-page","status-publish","hentry","cms-has-post-thumbnail"],"yoast_head":"<!-- This site is optimized with the Yoast SEO plugin v27.2 - https:\/\/yoast.com\/product\/yoast-seo-wordpress\/ -->\n<title>Careers - Solutii complete de panouri solare pentru zona rezidentiala, comerciala si industriala<\/title>\n<meta name=\"description\" content=\"JOIN OUR TEAM! Electrical Engineer \u2013 Photovoltaic Systems Ideal Candidate We are looking for a hardworking\ud83c\udfcb\u200d\u2642, responsible\ud83d\udc64, and passionate electrical\" \/>\n<meta name=\"robots\" content=\"index, follow, max-snippet:-1, max-image-preview:large, max-video-preview:-1\" \/>\n<link rel=\"canonical\" href=\"https:\/\/greenpointsolutions.ro\/ro\/cariera\/\" \/>\n<meta property=\"og:locale\" content=\"ro_RO\" \/>\n<meta property=\"og:type\" content=\"article\" \/>\n<meta property=\"og:title\" content=\"Careers - Solutii complete de panouri solare pentru zona rezidentiala, comerciala si industriala\" \/>\n<meta property=\"og:description\" content=\"JOIN OUR TEAM! Electrical Engineer \u2013 Photovoltaic Systems Ideal Candidate We are looking for a hardworking\ud83c\udfcb\u200d\u2642, responsible\ud83d\udc64, and passionate electrical\" \/>\n<meta property=\"og:url\" content=\"https:\/\/greenpointsolutions.ro\/ro\/cariera\/\" \/>\n<meta property=\"og:site_name\" content=\"Green Point Solutions\" \/>\n<meta property=\"article:modified_time\" content=\"2025-03-20T15:06:56+00:00\" \/>\n<meta property=\"og:image\" content=\"https:\/\/greenpointsolutions.ro\/wp-content\/uploads\/2026\/03\/WhatsApp-Image-2026-03-30-at-15.11.12.jpeg\" \/>\n\t<meta property=\"og:image:width\" content=\"300\" \/>\n\t<meta property=\"og:image:height\" content=\"159\" \/>\n\t<meta property=\"og:image:type\" content=\"image\/jpeg\" \/>\n<meta name=\"twitter:card\" content=\"summary_large_image\" \/>\n<meta name=\"twitter:label1\" content=\"Timp estimat pentru citire\" \/>\n\t<meta name=\"twitter:data1\" content=\"2 minute\" \/>\n<script type=\"application\/ld+json\" class=\"yoast-schema-graph\">{\"@context\":\"https:\/\/schema.org\",\"@graph\":[{\"@type\":\"WebPage\",\"@id\":\"https:\/\/greenpointsolutions.ro\/cariera\/\",\"url\":\"https:\/\/greenpointsolutions.ro\/cariera\/\",\"name\":\"Careers - Solutii complete de panouri solare pentru zona rezidentiala, comerciala si industriala\",\"isPartOf\":{\"@id\":\"https:\/\/greenpointsolutions.ro\/#website\"},\"datePublished\":\"2020-12-08T09:30:17+00:00\",\"dateModified\":\"2025-03-20T15:06:56+00:00\",\"description\":\"JOIN OUR TEAM! Electrical Engineer \u2013 Photovoltaic Systems Ideal Candidate We are looking for a hardworking\ud83c\udfcb\u200d\u2642, responsible\ud83d\udc64, and passionate electrical\",\"breadcrumb\":{\"@id\":\"https:\/\/greenpointsolutions.ro\/cariera\/#breadcrumb\"},\"inLanguage\":\"ro-RO\",\"potentialAction\":[{\"@type\":\"ReadAction\",\"target\":[\"https:\/\/greenpointsolutions.ro\/cariera\/\"]}]},{\"@type\":\"BreadcrumbList\",\"@id\":\"https:\/\/greenpointsolutions.ro\/cariera\/#breadcrumb\",\"itemListElement\":[{\"@type\":\"ListItem\",\"position\":1,\"name\":\"Home\",\"item\":\"https:\/\/greenpointsolutions.ro\/\"},{\"@type\":\"ListItem\",\"position\":2,\"name\":\"Careers\"}]},{\"@type\":\"WebSite\",\"@id\":\"https:\/\/greenpointsolutions.ro\/#website\",\"url\":\"https:\/\/greenpointsolutions.ro\/\",\"name\":\"Green Point Solutions\",\"description\":\"Solutii complete de panouri solare pentru zona rezidentiala, comerciala si industriala\",\"publisher\":{\"@id\":\"https:\/\/greenpointsolutions.ro\/#organization\"},\"potentialAction\":[{\"@type\":\"SearchAction\",\"target\":{\"@type\":\"EntryPoint\",\"urlTemplate\":\"https:\/\/greenpointsolutions.ro\/?s={search_term_string}\"},\"query-input\":{\"@type\":\"PropertyValueSpecification\",\"valueRequired\":true,\"valueName\":\"search_term_string\"}}],\"inLanguage\":\"ro-RO\"},{\"@type\":\"Organization\",\"@id\":\"https:\/\/greenpointsolutions.ro\/#organization\",\"name\":\"Green Point Solutions\",\"url\":\"https:\/\/greenpointsolutions.ro\/\",\"logo\":{\"@type\":\"ImageObject\",\"inLanguage\":\"ro-RO\",\"@id\":\"https:\/\/greenpointsolutions.ro\/#\/schema\/logo\/image\/\",\"url\":\"https:\/\/greenpointsolutions.ro\/wp-content\/uploads\/2023\/03\/cropped-greenpointsolutions-e1679043900139.png\",\"contentUrl\":\"https:\/\/greenpointsolutions.ro\/wp-content\/uploads\/2023\/03\/cropped-greenpointsolutions-e1679043900139.png\",\"width\":126,\"height\":134,\"caption\":\"Green Point Solutions\"},\"image\":{\"@id\":\"https:\/\/greenpointsolutions.ro\/#\/schema\/logo\/image\/\"}}]}<\/script>\n<!-- \/ Yoast SEO plugin. -->","yoast_head_json":{"title":"Careers - Solutii complete de panouri solare pentru zona rezidentiala, comerciala si industriala","description":"JOIN OUR TEAM! Electrical Engineer \u2013 Photovoltaic Systems Ideal Candidate We are looking for a hardworking\ud83c\udfcb\u200d\u2642, responsible\ud83d\udc64, and passionate electrical","robots":{"index":"index","follow":"follow","max-snippet":"max-snippet:-1","max-image-preview":"max-image-preview:large","max-video-preview":"max-video-preview:-1"},"canonical":"https:\/\/greenpointsolutions.ro\/ro\/cariera\/","og_locale":"ro_RO","og_type":"article","og_title":"Careers - Solutii complete de panouri solare pentru zona rezidentiala, comerciala si industriala","og_description":"JOIN OUR TEAM! Electrical Engineer \u2013 Photovoltaic Systems Ideal Candidate We are looking for a hardworking\ud83c\udfcb\u200d\u2642, responsible\ud83d\udc64, and passionate electrical","og_url":"https:\/\/greenpointsolutions.ro\/ro\/cariera\/","og_site_name":"Green Point Solutions","article_modified_time":"2025-03-20T15:06:56+00:00","og_image":[{"width":300,"height":159,"url":"https:\/\/greenpointsolutions.ro\/wp-content\/uploads\/2026\/03\/WhatsApp-Image-2026-03-30-at-15.11.12.jpeg","type":"image\/jpeg"}],"twitter_card":"summary_large_image","twitter_misc":{"Timp estimat pentru citire":"2 minute"},"schema":{"@context":"https:\/\/schema.org","@graph":[{"@type":"WebPage","@id":"https:\/\/greenpointsolutions.ro\/cariera\/","url":"https:\/\/greenpointsolutions.ro\/cariera\/","name":"Careers - Solutii complete de panouri solare pentru zona rezidentiala, comerciala si industriala","isPartOf":{"@id":"https:\/\/greenpointsolutions.ro\/#website"},"datePublished":"2020-12-08T09:30:17+00:00","dateModified":"2025-03-20T15:06:56+00:00","description":"JOIN OUR TEAM! Electrical Engineer \u2013 Photovoltaic Systems Ideal Candidate We are looking for a hardworking\ud83c\udfcb\u200d\u2642, responsible\ud83d\udc64, and passionate electrical","breadcrumb":{"@id":"https:\/\/greenpointsolutions.ro\/cariera\/#breadcrumb"},"inLanguage":"ro-RO","potentialAction":[{"@type":"ReadAction","target":["https:\/\/greenpointsolutions.ro\/cariera\/"]}]},{"@type":"BreadcrumbList","@id":"https:\/\/greenpointsolutions.ro\/cariera\/#breadcrumb","itemListElement":[{"@type":"ListItem","position":1,"name":"Home","item":"https:\/\/greenpointsolutions.ro\/"},{"@type":"ListItem","position":2,"name":"Careers"}]},{"@type":"WebSite","@id":"https:\/\/greenpointsolutions.ro\/#website","url":"https:\/\/greenpointsolutions.ro\/","name":"Green Point Solutions","description":"Solutii complete de panouri solare pentru zona rezidentiala, comerciala si industriala","publisher":{"@id":"https:\/\/greenpointsolutions.ro\/#organization"},"potentialAction":[{"@type":"SearchAction","target":{"@type":"EntryPoint","urlTemplate":"https:\/\/greenpointsolutions.ro\/?s={search_term_string}"},"query-input":{"@type":"PropertyValueSpecification","valueRequired":true,"valueName":"search_term_string"}}],"inLanguage":"ro-RO"},{"@type":"Organization","@id":"https:\/\/greenpointsolutions.ro\/#organization","name":"Green Point Solutions","url":"https:\/\/greenpointsolutions.ro\/","logo":{"@type":"ImageObject","inLanguage":"ro-RO","@id":"https:\/\/greenpointsolutions.ro\/#\/schema\/logo\/image\/","url":"https:\/\/greenpointsolutions.ro\/wp-content\/uploads\/2023\/03\/cropped-greenpointsolutions-e1679043900139.png","contentUrl":"https:\/\/greenpointsolutions.ro\/wp-content\/uploads\/2023\/03\/cropped-greenpointsolutions-e1679043900139.png","width":126,"height":134,"caption":"Green Point Solutions"},"image":{"@id":"https:\/\/greenpointsolutions.ro\/#\/schema\/logo\/image\/"}}]}},"_links":{"self":[{"href":"https:\/\/greenpointsolutions.ro\/ro\/wp-json\/wp\/v2\/pages\/40","targetHints":{"allow":["GET"]}}],"collection":[{"href":"https:\/\/greenpointsolutions.ro\/ro\/wp-json\/wp\/v2\/pages"}],"about":[{"href":"https:\/\/greenpointsolutions.ro\/ro\/wp-json\/wp\/v2\/types\/page"}],"author":[{"embeddable":true,"href":"https:\/\/greenpointsolutions.ro\/ro\/wp-json\/wp\/v2\/users\/1"}],"replies":[{"embeddable":true,"href":"https:\/\/greenpointsolutions.ro\/ro\/wp-json\/wp\/v2\/comments?post=40"}],"version-history":[{"count":37,"href":"https:\/\/greenpointsolutions.ro\/ro\/wp-json\/wp\/v2\/pages\/40\/revisions"}],"predecessor-version":[{"id":5734,"href":"https:\/\/greenpointsolutions.ro\/ro\/wp-json\/wp\/v2\/pages\/40\/revisions\/5734"}],"wp:attachment":[{"href":"https:\/\/greenpointsolutions.ro\/ro\/wp-json\/wp\/v2\/media?parent=40"}],"curies":[{"name":"wp","href":"https:\/\/api.w.org\/{rel}","templated":true}]}}